{"id":61,"date":"2025-10-06T12:58:48","date_gmt":"2025-10-06T10:58:48","guid":{"rendered":"https:\/\/amablealcoleaarquitecturatecnica.com\/?page_id=61"},"modified":"2026-04-06T18:48:19","modified_gmt":"2026-04-06T16:48:19","slug":"contacto","status":"publish","type":"page","link":"https:\/\/amablealcoleaarquitecturatecnica.com\/?page_id=61","title":{"rendered":"Contacto"},"content":{"rendered":"<p>[et_pb_section fb_built=\u00bb1&#8243; _builder_version=\u00bb4.27.4&#8243; _module_preset=\u00bbdefault\u00bb background_image=\u00bbhttps:\/\/amablealcoleaarquitecturatecnica.com\/wp-content\/uploads\/2025\/10\/fondo-scaled.jpg\u00bb global_colors_info=\u00bb{}\u00bb][et_pb_row _builder_version=\u00bb4.27.4&#8243; _module_preset=\u00bbdefault\u00bb custom_padding=\u00bb3%||3%||false|false\u00bb global_colors_info=\u00bb{}\u00bb][et_pb_column type=\u00bb4_4&#8243; _builder_version=\u00bb4.27.4&#8243; _module_preset=\u00bbdefault\u00bb global_colors_info=\u00bb{}\u00bb][et_pb_text _builder_version=\u00bb4.27.4&#8243; _module_preset=\u00bbdefault\u00bb header_font=\u00bbPoppins|600||on|||||\u00bb header_text_align=\u00bbright\u00bb header_text_color=\u00bb#124093&#8243; header_font_size=\u00bb53px\u00bb header_line_height=\u00bb1.6em\u00bb header_font_size_tablet=\u00bb53px\u00bb header_font_size_phone=\u00bb37px\u00bb header_font_size_last_edited=\u00bbon|phone\u00bb border_color_bottom=\u00bb#124093&#8243; global_colors_info=\u00bb{}\u00bb]<\/p>\n<h1>Contacto<\/h1>\n<p>[\/et_pb_text][et_pb_text _builder_version=\u00bb4.27.4&#8243; _module_preset=\u00bbdefault\u00bb header_font=\u00bbPoppins|600|||||||\u00bb header_text_color=\u00bb#124093&#8243; header_font_size=\u00bb29px\u00bb header_line_height=\u00bb1.6em\u00bb header_2_font=\u00bbPoppins|300|||||||\u00bb header_2_text_align=\u00bbright\u00bb header_2_text_color=\u00bb#000000&#8243; header_2_font_size=\u00bb16px\u00bb custom_margin=\u00bb-30px||||false|false\u00bb header_2_font_size_tablet=\u00bb16px\u00bb header_2_font_size_phone=\u00bb14px\u00bb header_2_font_size_last_edited=\u00bbon|phone\u00bb border_color_bottom=\u00bb#124093&#8243; global_colors_info=\u00bb{}\u00bb]<\/p>\n<h2>Estudio de Arquitectura Amable Alcolea Luna<\/h2>\n<p>[\/et_pb_text][\/et_pb_column][\/et_pb_row][\/et_pb_section][et_pb_section fb_built=\u00bb1&#8243; _builder_version=\u00bb4.27.4&#8243; _module_preset=\u00bbdefault\u00bb background_color=\u00bb#124093&#8243; global_colors_info=\u00bb{}\u00bb][et_pb_row _builder_version=\u00bb4.27.4&#8243; _module_preset=\u00bbdefault\u00bb global_colors_info=\u00bb{}\u00bb][et_pb_column type=\u00bb4_4&#8243; _builder_version=\u00bb4.27.4&#8243; _module_preset=\u00bbdefault\u00bb global_colors_info=\u00bb{}\u00bb][et_pb_text _builder_version=\u00bb4.27.4&#8243; _module_preset=\u00bbdefault\u00bb text_font=\u00bbPoppins|300|||||||\u00bb text_text_color=\u00bb#FFFFFF\u00bb text_font_size=\u00bb15px\u00bb text_orientation=\u00bbcenter\u00bb text_font_size_tablet=\u00bb14px\u00bb text_font_size_phone=\u00bb14px\u00bb text_font_size_last_edited=\u00bbon|phone\u00bb text_orientation_tablet=\u00bbcenter\u00bb text_orientation_phone=\u00bbjustified\u00bb text_orientation_last_edited=\u00bbon|phone\u00bb global_colors_info=\u00bb{}\u00bb]<\/p>\n<p>En el <strong>Estudio de Arquitectura Amable Alcolea Luna<\/strong> estamos a tu disposici\u00f3n para resolver dudas, asesorarte y ayudarte a dar forma a tu proyecto.<\/p>\n<p>Si necesitas un arquitecto t\u00e9cnico de confianza, quieres solicitar un presupuesto personalizado o simplemente deseas m\u00e1s informaci\u00f3n sobre nuestros servicios de <strong>direcci\u00f3n de obra, coordinaci\u00f3n de seguridad, mediciones o informes t\u00e9cnicos<\/strong>, ponte en contacto con nosotros.<\/p>\n<p>Puedes llamarnos, escribirnos por correo electr\u00f3nico o rellenar el formulario de contacto. Te atenderemos de manera r\u00e1pida, cercana y profesional.<\/p>\n<p>Tu proyecto merece la atenci\u00f3n de un equipo especializado en arquitectura t\u00e9cnica con m\u00e1s de 15 a\u00f1os de experiencia.<\/p>\n<p>\u00bfHablamos de tu idea?<\/p>\n<p>[\/et_pb_text][\/et_pb_column][\/et_pb_row][et_pb_row column_structure=\u00bb1_2,1_2&#8243; _builder_version=\u00bb4.27.4&#8243; _module_preset=\u00bbdefault\u00bb border_width_top=\u00bb1px\u00bb border_color_top=\u00bb#FFFFFF\u00bb border_width_bottom=\u00bb1px\u00bb border_color_bottom=\u00bb#FFFFFF\u00bb global_colors_info=\u00bb{}\u00bb][et_pb_column type=\u00bb1_2&#8243; _builder_version=\u00bb4.27.4&#8243; _module_preset=\u00bbdefault\u00bb global_colors_info=\u00bb{}\u00bb][et_pb_blurb title=\u00bbTel\u00e9fono\u00bb use_icon=\u00bbon\u00bb font_icon=\u00bb&#xe090;||divi||400&#8243; icon_color=\u00bb#FFFFFF\u00bb image_icon_width=\u00bb22px\u00bb _builder_version=\u00bb4.27.4&#8243; _module_preset=\u00bbdefault\u00bb header_font=\u00bbPoppins||||||||\u00bb header_text_align=\u00bbcenter\u00bb header_text_color=\u00bb#FFFFFF\u00bb body_font=\u00bbPoppins|300|||||||\u00bb body_text_align=\u00bbcenter\u00bb body_text_color=\u00bb#FFFFFF\u00bb child_filter_saturate=\u00bb200%\u00bb child_filter_brightness=\u00bb200%\u00bb child_filter_contrast=\u00bb200%\u00bb global_colors_info=\u00bb{}\u00bb]<\/p>\n<p>+34 667 72 82 94<\/p>\n<p>[\/et_pb_blurb][\/et_pb_column][et_pb_column type=\u00bb1_2&#8243; _builder_version=\u00bb4.27.4&#8243; _module_preset=\u00bbdefault\u00bb global_colors_info=\u00bb{}\u00bb][et_pb_blurb title=\u00bbCorreo Electr\u00f3nico\u00bb use_icon=\u00bbon\u00bb font_icon=\u00bb&#xf0e0;||fa||900&#8243; icon_color=\u00bb#FFFFFF\u00bb image_icon_width=\u00bb22px\u00bb _builder_version=\u00bb4.27.4&#8243; _module_preset=\u00bbdefault\u00bb header_font=\u00bbPoppins||||||||\u00bb header_text_align=\u00bbcenter\u00bb header_text_color=\u00bb#FFFFFF\u00bb body_font=\u00bbPoppins|300|||||||\u00bb body_text_align=\u00bbcenter\u00bb body_text_color=\u00bb#FFFFFF\u00bb child_filter_saturate=\u00bb200%\u00bb child_filter_brightness=\u00bb200%\u00bb child_filter_contrast=\u00bb200%\u00bb global_colors_info=\u00bb{}\u00bb]<\/p>\n<p>amalcolu@hotmail.com<\/p>\n<p>[\/et_pb_blurb][\/et_pb_column][\/et_pb_row][\/et_pb_section][et_pb_section fb_built=\u00bb1&#8243; _builder_version=\u00bb4.27.4&#8243; _module_preset=\u00bbdefault\u00bb locked=\u00bboff\u00bb global_colors_info=\u00bb{}\u00bb][et_pb_row _builder_version=\u00bb4.27.4&#8243; _module_preset=\u00bbdefault\u00bb global_colors_info=\u00bb{}\u00bb][et_pb_column type=\u00bb4_4&#8243; _builder_version=\u00bb4.27.4&#8243; _module_preset=\u00bbdefault\u00bb global_colors_info=\u00bb{}\u00bb][et_pb_image src=\u00bbhttps:\/\/amablealcoleaarquitecturatecnica.com\/wp-content\/uploads\/2025\/10\/AMABLE-ALCOLEA-Logo.png\u00bb title_text=\u00bbAMABLE ALCOLEA Logo\u00bb _builder_version=\u00bb4.27.4&#8243; _module_preset=\u00bbdefault\u00bb custom_padding=\u00bb0%|25%||25%|false|true\u00bb custom_padding_tablet=\u00bb|15%||15%|false|true\u00bb custom_padding_phone=\u00bb|0%||0%|false|true\u00bb custom_padding_last_edited=\u00bbon|tablet\u00bb global_colors_info=\u00bb{}\u00bb][\/et_pb_image][\/et_pb_column][\/et_pb_row][et_pb_row _builder_version=\u00bb4.27.4&#8243; _module_preset=\u00bbdefault\u00bb custom_padding=\u00bb2%||||false|false\u00bb global_colors_info=\u00bb{}\u00bb][et_pb_column type=\u00bb4_4&#8243; _builder_version=\u00bb4.27.4&#8243; _module_preset=\u00bbdefault\u00bb global_colors_info=\u00bb{}\u00bb][et_pb_text _builder_version=\u00bb4.27.4&#8243; _module_preset=\u00bbdefault\u00bb text_font=\u00bbPoppins|600|||||||\u00bb text_text_color=\u00bb#124093&#8243; text_font_size=\u00bb16px\u00bb text_orientation=\u00bbcenter\u00bb custom_padding=\u00bb0%||||false|false\u00bb custom_padding_tablet=\u00bb6%||||false|false\u00bb custom_padding_phone=\u00bb6%||||false|false\u00bb custom_padding_last_edited=\u00bbon|tablet\u00bb border_color_top=\u00bb#124093&#8243; border_width_top_tablet=\u00bb2px\u00bb border_width_top_phone=\u00bb2px\u00bb border_width_top_last_edited=\u00bbon|tablet\u00bb global_colors_info=\u00bb{}\u00bb]<\/p>\n<p>P\u00c1GINAS LEGALES<\/p>\n<p>[\/et_pb_text][et_pb_text _builder_version=\u00bb4.27.4&#8243; _module_preset=\u00bbdefault\u00bb text_font=\u00bbPoppins|300|||||||\u00bb text_text_color=\u00bb#000000&#8243; text_font_size=\u00bb15px\u00bb text_orientation=\u00bbcenter\u00bb global_colors_info=\u00bb{}\u00bb]<\/p>\n<p><a href=\"https:\/\/amablealcoleaarquitecturatecnica.com\/politica-de-cookies\/\">Pol\u00edtica de Cookies<\/a><\/p>\n<p>[\/et_pb_text][et_pb_text _builder_version=\u00bb4.27.4&#8243; _module_preset=\u00bbdefault\u00bb text_font=\u00bbPoppins|300|||||||\u00bb text_text_color=\u00bb#000000&#8243; text_font_size=\u00bb15px\u00bb text_orientation=\u00bbcenter\u00bb global_colors_info=\u00bb{}\u00bb]<\/p>\n<p><a href=\"https:\/\/amablealcoleaarquitecturatecnica.com\/politica-de-privacidad\/\">Pol\u00edtica de Privacidad<\/a><\/p>\n<p>[\/et_pb_text][et_pb_text _builder_version=\u00bb4.27.4&#8243; _module_preset=\u00bbdefault\u00bb text_font=\u00bbPoppins|300|||||||\u00bb text_text_color=\u00bb#000000&#8243; text_font_size=\u00bb15px\u00bb text_orientation=\u00bbcenter\u00bb global_colors_info=\u00bb{}\u00bb]<\/p>\n<p><a href=\"https:\/\/amablealcoleaarquitecturatecnica.com\/aviso-legal\/\">Aviso Legal<\/a><\/p>\n<p>[\/et_pb_text][et_pb_image src=\u00bbhttps:\/\/amablealcoleaarquitecturatecnica.com\/wp-content\/uploads\/2025\/10\/CONBANDERA_KITDIGITAL-scaled.png\u00bb title_text=\u00bbCONBANDERA_KITDIGITAL\u00bb _builder_version=\u00bb4.27.4&#8243; _module_preset=\u00bbdefault\u00bb custom_padding=\u00bb|20%||20%|false|true\u00bb custom_padding_tablet=\u00bb|20%||20%|false|true\u00bb custom_padding_phone=\u00bb|4%||4%|false|true\u00bb custom_padding_last_edited=\u00bbon|phone\u00bb global_colors_info=\u00bb{}\u00bb][\/et_pb_image][\/et_pb_column][\/et_pb_row][\/et_pb_section][et_pb_section fb_built=\u00bb1&#8243; _builder_version=\u00bb4.27.4&#8243; _module_preset=\u00bbdefault\u00bb background_color=\u00bb#919191&#8243; locked=\u00bboff\u00bb global_colors_info=\u00bb{}\u00bb][et_pb_row _builder_version=\u00bb4.27.4&#8243; _module_preset=\u00bbdefault\u00bb custom_padding=\u00bb0px||0px||true|false\u00bb global_colors_info=\u00bb{}\u00bb][et_pb_column type=\u00bb4_4&#8243; _builder_version=\u00bb4.27.4&#8243; _module_preset=\u00bbdefault\u00bb global_colors_info=\u00bb{}\u00bb][et_pb_text _builder_version=\u00bb4.27.4&#8243; _module_preset=\u00bbdefault\u00bb text_font=\u00bbPoppins|300|||||||\u00bb text_text_color=\u00bb#000000&#8243; text_font_size=\u00bb13px\u00bb text_orientation=\u00bbcenter\u00bb hover_enabled=\u00bb0&#8243; text_font_size_tablet=\u00bb13px\u00bb text_font_size_phone=\u00bb12px\u00bb text_font_size_last_edited=\u00bbon|phone\u00bb global_colors_info=\u00bb{}\u00bb sticky_enabled=\u00bb0&#8243;]<\/p>\n<p><span>\u00a9 Amable Alcolea Luna Aquitectura T\u00e9cnica. Dise\u00f1o web realizado por <\/span><a href=\"https:\/\/www.komunicacreative.com\/\">Komunica Creative<\/a><\/p>\n<p>[\/et_pb_text][\/et_pb_column][\/et_pb_row][\/et_pb_section]<\/p>\n","protected":false},"excerpt":{"rendered":"<p>ContactoEstudio de Arquitectura Amable Alcolea LunaEn el Estudio de Arquitectura Amable Alcolea Luna estamos a tu disposici\u00f3n para resolver dudas, asesorarte y ayudarte a dar forma a tu proyecto. Si necesitas un arquitecto t\u00e9cnico de confianza, quieres solicitar un presupuesto personalizado o simplemente deseas m\u00e1s informaci\u00f3n sobre nuestros servicios de direcci\u00f3n de obra, coordinaci\u00f3n de [&hellip;]<\/p>\n","protected":false},"author":1,"featured_media":0,"parent":0,"menu_order":0,"comment_status":"closed","ping_status":"closed","template":"","meta":{"_et_pb_use_builder":"on","_et_pb_old_content":"","_et_gb_content_width":"","footnotes":""},"class_list":["post-61","page","type-page","status-publish","hentry"],"yoast_head":"<!-- This site is optimized with the Yoast SEO plugin v27.3 - https:\/\/yoast.com\/product\/yoast-seo-wordpress\/ -->\n<title>Contacto - AMABLE ALCOLEA ARQUITECTURA<\/title>\n<meta name=\"robots\" content=\"index, follow, max-snippet:-1, max-image-preview:large, max-video-preview:-1\" \/>\n<link rel=\"canonical\" href=\"https:\/\/amablealcoleaarquitecturatecnica.com\/contacto\/\" \/>\n<meta property=\"og:locale\" content=\"es_ES\" \/>\n<meta property=\"og:type\" content=\"article\" \/>\n<meta property=\"og:title\" content=\"Contacto - AMABLE ALCOLEA ARQUITECTURA\" \/>\n<meta property=\"og:description\" content=\"ContactoEstudio de Arquitectura Amable Alcolea LunaEn el Estudio de Arquitectura Amable Alcolea Luna estamos a tu disposici\u00f3n para resolver dudas, asesorarte y ayudarte a dar forma a tu proyecto. Si necesitas un arquitecto t\u00e9cnico de confianza, quieres solicitar un presupuesto personalizado o simplemente deseas m\u00e1s informaci\u00f3n sobre nuestros servicios de direcci\u00f3n de obra, coordinaci\u00f3n de [&hellip;]\" \/>\n<meta property=\"og:url\" content=\"https:\/\/amablealcoleaarquitecturatecnica.com\/contacto\/\" \/>\n<meta property=\"og:site_name\" content=\"AMABLE ALCOLEA ARQUITECTURA\" \/>\n<meta property=\"article:modified_time\" content=\"2026-04-06T16:48:19+00:00\" \/>\n<meta name=\"twitter:card\" content=\"summary_large_image\" \/>\n<meta name=\"twitter:label1\" content=\"Tiempo de lectura\" \/>\n\t<meta name=\"twitter:data1\" content=\"5 minutos\" \/>\n<script type=\"application\/ld+json\" class=\"yoast-schema-graph\">{\"@context\":\"https:\\\/\\\/schema.org\",\"@graph\":[{\"@type\":\"WebPage\",\"@id\":\"https:\\\/\\\/amablealcoleaarquitecturatecnica.com\\\/contacto\\\/\",\"url\":\"https:\\\/\\\/amablealcoleaarquitecturatecnica.com\\\/contacto\\\/\",\"name\":\"Contacto - AMABLE ALCOLEA ARQUITECTURA\",\"isPartOf\":{\"@id\":\"https:\\\/\\\/amablealcoleaarquitecturatecnica.com\\\/#website\"},\"datePublished\":\"2025-10-06T10:58:48+00:00\",\"dateModified\":\"2026-04-06T16:48:19+00:00\",\"breadcrumb\":{\"@id\":\"https:\\\/\\\/amablealcoleaarquitecturatecnica.com\\\/contacto\\\/#breadcrumb\"},\"inLanguage\":\"es\",\"potentialAction\":[{\"@type\":\"ReadAction\",\"target\":[\"https:\\\/\\\/amablealcoleaarquitecturatecnica.com\\\/contacto\\\/\"]}]},{\"@type\":\"BreadcrumbList\",\"@id\":\"https:\\\/\\\/amablealcoleaarquitecturatecnica.com\\\/contacto\\\/#breadcrumb\",\"itemListElement\":[{\"@type\":\"ListItem\",\"position\":1,\"name\":\"Portada\",\"item\":\"https:\\\/\\\/amablealcoleaarquitecturatecnica.com\\\/\"},{\"@type\":\"ListItem\",\"position\":2,\"name\":\"Contacto\"}]},{\"@type\":\"WebSite\",\"@id\":\"https:\\\/\\\/amablealcoleaarquitecturatecnica.com\\\/#website\",\"url\":\"https:\\\/\\\/amablealcoleaarquitecturatecnica.com\\\/\",\"name\":\"AMABLE ALCOLEA ARQUITECTURA\",\"description\":\"Estudio de arquitectura\",\"publisher\":{\"@id\":\"https:\\\/\\\/amablealcoleaarquitecturatecnica.com\\\/#organization\"},\"potentialAction\":[{\"@type\":\"SearchAction\",\"target\":{\"@type\":\"EntryPoint\",\"urlTemplate\":\"https:\\\/\\\/amablealcoleaarquitecturatecnica.com\\\/?s={search_term_string}\"},\"query-input\":{\"@type\":\"PropertyValueSpecification\",\"valueRequired\":true,\"valueName\":\"search_term_string\"}}],\"inLanguage\":\"es\"},{\"@type\":\"Organization\",\"@id\":\"https:\\\/\\\/amablealcoleaarquitecturatecnica.com\\\/#organization\",\"name\":\"AMABLE ALCOLEA ARQUITECTURA\",\"url\":\"https:\\\/\\\/amablealcoleaarquitecturatecnica.com\\\/\",\"logo\":{\"@type\":\"ImageObject\",\"inLanguage\":\"es\",\"@id\":\"https:\\\/\\\/amablealcoleaarquitecturatecnica.com\\\/#\\\/schema\\\/logo\\\/image\\\/\",\"url\":\"https:\\\/\\\/amablealcoleaarquitecturatecnica.com\\\/wp-content\\\/uploads\\\/2025\\\/10\\\/AMABLE-ALCOLEA-Logo.png\",\"contentUrl\":\"https:\\\/\\\/amablealcoleaarquitecturatecnica.com\\\/wp-content\\\/uploads\\\/2025\\\/10\\\/AMABLE-ALCOLEA-Logo.png\",\"width\":2050,\"height\":568,\"caption\":\"AMABLE ALCOLEA ARQUITECTURA\"},\"image\":{\"@id\":\"https:\\\/\\\/amablealcoleaarquitecturatecnica.com\\\/#\\\/schema\\\/logo\\\/image\\\/\"}}]}<\/script>\n<!-- \/ Yoast SEO plugin. -->","yoast_head_json":{"title":"Contacto - AMABLE ALCOLEA ARQUITECTURA","robots":{"index":"index","follow":"follow","max-snippet":"max-snippet:-1","max-image-preview":"max-image-preview:large","max-video-preview":"max-video-preview:-1"},"canonical":"https:\/\/amablealcoleaarquitecturatecnica.com\/contacto\/","og_locale":"es_ES","og_type":"article","og_title":"Contacto - AMABLE ALCOLEA ARQUITECTURA","og_description":"ContactoEstudio de Arquitectura Amable Alcolea LunaEn el Estudio de Arquitectura Amable Alcolea Luna estamos a tu disposici\u00f3n para resolver dudas, asesorarte y ayudarte a dar forma a tu proyecto. Si necesitas un arquitecto t\u00e9cnico de confianza, quieres solicitar un presupuesto personalizado o simplemente deseas m\u00e1s informaci\u00f3n sobre nuestros servicios de direcci\u00f3n de obra, coordinaci\u00f3n de [&hellip;]","og_url":"https:\/\/amablealcoleaarquitecturatecnica.com\/contacto\/","og_site_name":"AMABLE ALCOLEA ARQUITECTURA","article_modified_time":"2026-04-06T16:48:19+00:00","twitter_card":"summary_large_image","twitter_misc":{"Tiempo de lectura":"5 minutos"},"schema":{"@context":"https:\/\/schema.org","@graph":[{"@type":"WebPage","@id":"https:\/\/amablealcoleaarquitecturatecnica.com\/contacto\/","url":"https:\/\/amablealcoleaarquitecturatecnica.com\/contacto\/","name":"Contacto - AMABLE ALCOLEA ARQUITECTURA","isPartOf":{"@id":"https:\/\/amablealcoleaarquitecturatecnica.com\/#website"},"datePublished":"2025-10-06T10:58:48+00:00","dateModified":"2026-04-06T16:48:19+00:00","breadcrumb":{"@id":"https:\/\/amablealcoleaarquitecturatecnica.com\/contacto\/#breadcrumb"},"inLanguage":"es","potentialAction":[{"@type":"ReadAction","target":["https:\/\/amablealcoleaarquitecturatecnica.com\/contacto\/"]}]},{"@type":"BreadcrumbList","@id":"https:\/\/amablealcoleaarquitecturatecnica.com\/contacto\/#breadcrumb","itemListElement":[{"@type":"ListItem","position":1,"name":"Portada","item":"https:\/\/amablealcoleaarquitecturatecnica.com\/"},{"@type":"ListItem","position":2,"name":"Contacto"}]},{"@type":"WebSite","@id":"https:\/\/amablealcoleaarquitecturatecnica.com\/#website","url":"https:\/\/amablealcoleaarquitecturatecnica.com\/","name":"AMABLE ALCOLEA ARQUITECTURA","description":"Estudio de arquitectura","publisher":{"@id":"https:\/\/amablealcoleaarquitecturatecnica.com\/#organization"},"potentialAction":[{"@type":"SearchAction","target":{"@type":"EntryPoint","urlTemplate":"https:\/\/amablealcoleaarquitecturatecnica.com\/?s={search_term_string}"},"query-input":{"@type":"PropertyValueSpecification","valueRequired":true,"valueName":"search_term_string"}}],"inLanguage":"es"},{"@type":"Organization","@id":"https:\/\/amablealcoleaarquitecturatecnica.com\/#organization","name":"AMABLE ALCOLEA ARQUITECTURA","url":"https:\/\/amablealcoleaarquitecturatecnica.com\/","logo":{"@type":"ImageObject","inLanguage":"es","@id":"https:\/\/amablealcoleaarquitecturatecnica.com\/#\/schema\/logo\/image\/","url":"https:\/\/amablealcoleaarquitecturatecnica.com\/wp-content\/uploads\/2025\/10\/AMABLE-ALCOLEA-Logo.png","contentUrl":"https:\/\/amablealcoleaarquitecturatecnica.com\/wp-content\/uploads\/2025\/10\/AMABLE-ALCOLEA-Logo.png","width":2050,"height":568,"caption":"AMABLE ALCOLEA ARQUITECTURA"},"image":{"@id":"https:\/\/amablealcoleaarquitecturatecnica.com\/#\/schema\/logo\/image\/"}}]}},"_links":{"self":[{"href":"https:\/\/amablealcoleaarquitecturatecnica.com\/index.php?rest_route=\/wp\/v2\/pages\/61","targetHints":{"allow":["GET"]}}],"collection":[{"href":"https:\/\/amablealcoleaarquitecturatecnica.com\/index.php?rest_route=\/wp\/v2\/pages"}],"about":[{"href":"https:\/\/amablealcoleaarquitecturatecnica.com\/index.php?rest_route=\/wp\/v2\/types\/page"}],"author":[{"embeddable":true,"href":"https:\/\/amablealcoleaarquitecturatecnica.com\/index.php?rest_route=\/wp\/v2\/users\/1"}],"replies":[{"embeddable":true,"href":"https:\/\/amablealcoleaarquitecturatecnica.com\/index.php?rest_route=%2Fwp%2Fv2%2Fcomments&post=61"}],"version-history":[{"count":6,"href":"https:\/\/amablealcoleaarquitecturatecnica.com\/index.php?rest_route=\/wp\/v2\/pages\/61\/revisions"}],"predecessor-version":[{"id":146,"href":"https:\/\/amablealcoleaarquitecturatecnica.com\/index.php?rest_route=\/wp\/v2\/pages\/61\/revisions\/146"}],"wp:attachment":[{"href":"https:\/\/amablealcoleaarquitecturatecnica.com\/index.php?rest_route=%2Fwp%2Fv2%2Fmedia&parent=61"}],"curies":[{"name":"wp","href":"https:\/\/api.w.org\/{rel}","templated":true}]}}