{"id":47,"date":"2025-10-06T12:41:16","date_gmt":"2025-10-06T10:41:16","guid":{"rendered":"https:\/\/amablealcoleaarquitecturatecnica.com\/?page_id=47"},"modified":"2026-04-06T18:47:23","modified_gmt":"2026-04-06T16:47:23","slug":"conocenos","status":"publish","type":"page","link":"https:\/\/amablealcoleaarquitecturatecnica.com\/?page_id=47","title":{"rendered":"Con\u00f3cenos"},"content":{"rendered":"<p>[et_pb_section fb_built=\u00bb1&#8243; _builder_version=\u00bb4.27.4&#8243; _module_preset=\u00bbdefault\u00bb background_image=\u00bbhttps:\/\/amablealcoleaarquitecturatecnica.com\/wp-content\/uploads\/2025\/10\/fondo-scaled.jpg\u00bb global_colors_info=\u00bb{}\u00bb][et_pb_row _builder_version=\u00bb4.27.4&#8243; _module_preset=\u00bbdefault\u00bb custom_padding=\u00bb3%||3%||false|false\u00bb global_colors_info=\u00bb{}\u00bb][et_pb_column type=\u00bb4_4&#8243; _builder_version=\u00bb4.27.4&#8243; _module_preset=\u00bbdefault\u00bb global_colors_info=\u00bb{}\u00bb][et_pb_text _builder_version=\u00bb4.27.4&#8243; _module_preset=\u00bbdefault\u00bb header_font=\u00bbPoppins|600||on|||||\u00bb header_text_align=\u00bbright\u00bb header_text_color=\u00bb#124093&#8243; header_font_size=\u00bb53px\u00bb header_line_height=\u00bb1.6em\u00bb header_font_size_tablet=\u00bb53px\u00bb header_font_size_phone=\u00bb37px\u00bb header_font_size_last_edited=\u00bbon|phone\u00bb border_color_bottom=\u00bb#124093&#8243; global_colors_info=\u00bb{}\u00bb]<\/p>\n<h1>Con\u00f3cenos<\/h1>\n<p>[\/et_pb_text][et_pb_text _builder_version=\u00bb4.27.4&#8243; _module_preset=\u00bbdefault\u00bb header_font=\u00bbPoppins|600|||||||\u00bb header_text_color=\u00bb#124093&#8243; header_font_size=\u00bb29px\u00bb header_line_height=\u00bb1.6em\u00bb header_2_font=\u00bbPoppins|300|||||||\u00bb header_2_text_align=\u00bbright\u00bb header_2_text_color=\u00bb#000000&#8243; header_2_font_size=\u00bb16px\u00bb custom_margin=\u00bb-30px||||false|false\u00bb header_2_font_size_tablet=\u00bb16px\u00bb header_2_font_size_phone=\u00bb14px\u00bb header_2_font_size_last_edited=\u00bbon|phone\u00bb border_color_bottom=\u00bb#124093&#8243; global_colors_info=\u00bb{}\u00bb]<\/p>\n<h2>Estudio de Arquitectura Amable Alcolea Luna<\/h2>\n<p>[\/et_pb_text][\/et_pb_column][\/et_pb_row][\/et_pb_section][et_pb_section fb_built=\u00bb1&#8243; _builder_version=\u00bb4.27.4&#8243; _module_preset=\u00bbdefault\u00bb global_colors_info=\u00bb{}\u00bb][et_pb_row _builder_version=\u00bb4.27.4&#8243; _module_preset=\u00bbdefault\u00bb global_colors_info=\u00bb{}\u00bb][et_pb_column type=\u00bb4_4&#8243; _builder_version=\u00bb4.27.4&#8243; _module_preset=\u00bbdefault\u00bb global_colors_info=\u00bb{}\u00bb][et_pb_text _builder_version=\u00bb4.27.4&#8243; _module_preset=\u00bbdefault\u00bb text_font=\u00bbPoppins|300|||||||\u00bb text_text_color=\u00bb#000000&#8243; text_font_size=\u00bb15px\u00bb text_orientation=\u00bbjustified\u00bb text_font_size_tablet=\u00bb15px\u00bb text_font_size_phone=\u00bb14px\u00bb text_font_size_last_edited=\u00bbon|phone\u00bb global_colors_info=\u00bb{}\u00bb]<\/p>\n<p>En el <strong>Estudio de Arquitectura Amable Alcolea Luna<\/strong> llevamos m\u00e1s de <strong>30 a\u00f1os de experiencia en el sector de la arquitectura t\u00e9cnica<\/strong>, ofreciendo soluciones adaptadas a cada proyecto con rigor, innovaci\u00f3n y compromiso.<\/p>\n<p>Nuestra especialidad es la <strong>arquitectura t\u00e9cnica<\/strong>, lo que nos permite garantizar la correcta ejecuci\u00f3n de obras, coordinar la seguridad en los proyectos y aportar el respaldo t\u00e9cnico necesario en todas las fases de construcci\u00f3n, rehabilitaci\u00f3n o reforma.<\/p>\n<p>Durante estos a\u00f1os hemos acompa\u00f1ado a clientes particulares, empresas y administraciones, siempre con un mismo objetivo: <strong>crear proyectos seguros, eficientes y de calidad<\/strong>, cuidando cada detalle desde la planificaci\u00f3n hasta la entrega final.<\/p>\n<p>[\/et_pb_text][\/et_pb_column][\/et_pb_row][et_pb_row column_structure=\u00bb1_2,1_2&#8243; _builder_version=\u00bb4.27.4&#8243; _module_preset=\u00bbdefault\u00bb global_colors_info=\u00bb{}\u00bb][et_pb_column type=\u00bb1_2&#8243; _builder_version=\u00bb4.27.4&#8243; _module_preset=\u00bbdefault\u00bb global_colors_info=\u00bb{}\u00bb][et_pb_text _builder_version=\u00bb4.27.4&#8243; _module_preset=\u00bbdefault\u00bb header_2_font=\u00bbPoppins|600|||||||\u00bb header_2_text_align=\u00bbcenter\u00bb header_2_text_color=\u00bb#124093&#8243; header_2_font_size=\u00bb33px\u00bb custom_padding=\u00bb6%||||false|false\u00bb custom_padding_tablet=\u00bb0%||||false|false\u00bb custom_padding_phone=\u00bb0%||||false|false\u00bb custom_padding_last_edited=\u00bbon|tablet\u00bb header_2_text_align_tablet=\u00bbleft\u00bb header_2_text_align_phone=\u00bbleft\u00bb header_2_text_align_last_edited=\u00bbon|tablet\u00bb header_2_font_size_tablet=\u00bb29px\u00bb header_2_font_size_phone=\u00bb25px\u00bb header_2_font_size_last_edited=\u00bbon|tablet\u00bb global_colors_info=\u00bb{}\u00bb]<\/p>\n<h2>Nos diferencia<\/h2>\n<p>[\/et_pb_text][\/et_pb_column][et_pb_column type=\u00bb1_2&#8243; _builder_version=\u00bb4.27.4&#8243; _module_preset=\u00bbdefault\u00bb global_colors_info=\u00bb{}\u00bb][et_pb_text _builder_version=\u00bb4.27.4&#8243; _module_preset=\u00bbdefault\u00bb text_font=\u00bbPoppins|300|||||||\u00bb text_text_color=\u00bb#000000&#8243; text_font_size=\u00bb15px\u00bb text_orientation=\u00bbjustified\u00bb text_font_size_tablet=\u00bb15px\u00bb text_font_size_phone=\u00bb14px\u00bb text_font_size_last_edited=\u00bbon|phone\u00bb global_colors_info=\u00bb{}\u00bb]<\/p>\n<ul>\n<li>Experiencia contrastada en proyectos de distinta envergadura.<\/li>\n<li>Trato cercano y personalizado en cada trabajo.<\/li>\n<li>Compromiso con la normativa, la seguridad y la sostenibilidad.<\/li>\n<li>Transparencia en la gesti\u00f3n y en los presupuestos.<\/li>\n<\/ul>\n<p>[\/et_pb_text][\/et_pb_column][\/et_pb_row][et_pb_row _builder_version=\u00bb4.27.4&#8243; _module_preset=\u00bbdefault\u00bb global_colors_info=\u00bb{}\u00bb][et_pb_column type=\u00bb4_4&#8243; _builder_version=\u00bb4.27.4&#8243; _module_preset=\u00bbdefault\u00bb global_colors_info=\u00bb{}\u00bb][et_pb_text _builder_version=\u00bb4.27.4&#8243; _module_preset=\u00bbdefault\u00bb text_font=\u00bbPoppins|300|||||||\u00bb text_text_color=\u00bb#000000&#8243; text_font_size=\u00bb15px\u00bb text_orientation=\u00bbjustified\u00bb text_font_size_tablet=\u00bb15px\u00bb text_font_size_phone=\u00bb14px\u00bb text_font_size_last_edited=\u00bbon|phone\u00bb global_colors_info=\u00bb{}\u00bb]<\/p>\n<p>Si buscas un estudio con <strong>arquitectos t\u00e9cnicos especializados<\/strong> y un equipo de confianza que te asesore en todo momento, est\u00e1s en el lugar adecuado.<\/p>\n<p>En <strong>Amable Alcolea Luna Arquitectura<\/strong> trabajamos contigo para dar forma a tus ideas y convertirlas en proyectos reales, s\u00f3lidos y funcionales.<\/p>\n<p>[\/et_pb_text][\/et_pb_column][\/et_pb_row][\/et_pb_section][et_pb_section fb_built=\u00bb1&#8243; _builder_version=\u00bb4.27.4&#8243; _module_preset=\u00bbdefault\u00bb background_color=\u00bb#124093&#8243; global_colors_info=\u00bb{}\u00bb][et_pb_row _builder_version=\u00bb4.27.4&#8243; _module_preset=\u00bbdefault\u00bb global_colors_info=\u00bb{}\u00bb][et_pb_column type=\u00bb4_4&#8243; _builder_version=\u00bb4.27.4&#8243; _module_preset=\u00bbdefault\u00bb global_colors_info=\u00bb{}\u00bb][et_pb_text _builder_version=\u00bb4.27.4&#8243; _module_preset=\u00bbdefault\u00bb header_3_font=\u00bbPoppins||||||||\u00bb header_3_text_color=\u00bb#FFFFFF\u00bb header_3_font_size=\u00bb21px\u00bb global_colors_info=\u00bb{}\u00bb]<\/p>\n<h3>Trayectoria Profesional<\/h3>\n<p>[\/et_pb_text][et_pb_text _builder_version=\u00bb4.27.4&#8243; _module_preset=\u00bbdefault\u00bb text_font=\u00bbPoppins|300|||||||\u00bb text_text_color=\u00bb#FFFFFF\u00bb text_font_size=\u00bb15px\u00bb header_3_font=\u00bbPoppins||||||||\u00bb header_3_text_color=\u00bb#FFFFFF\u00bb header_3_font_size=\u00bb21px\u00bb text_font_size_tablet=\u00bb15px\u00bb text_font_size_phone=\u00bb14px\u00bb text_font_size_last_edited=\u00bbon|phone\u00bb global_colors_info=\u00bb{}\u00bb]<\/p>\n<p>Titulado en Arquitectura T\u00e9cnica por la Universidad Polit\u00e9cnica de Catalu\u00f1a en el a\u00f1o 1.991 y en 2.010 por la Universidad Polit\u00e9cnica de Cartagena en Ingenier\u00eda de Edificaci\u00f3n, colegiado afecto al Colegio Oficial de Aparejadores, Arquitectos T\u00e9cnicos e Ingenieros de Edificaci\u00f3n de la Regi\u00f3n de Murcia, con el n\u00ba 1205 desde 24 de Octubre de 1.991 hasta la fecha.<\/p>\n<p>De noviembre de 1.991 hasta junio de 1.995, adem\u00e1s de profesional liberal, ejerci\u00f3 de forma conjunta como director t\u00e9cnico en Empresa Constructora.<\/p>\n<p>[\/et_pb_text][\/et_pb_column][\/et_pb_row][\/et_pb_section][et_pb_section fb_built=\u00bb1&#8243; _builder_version=\u00bb4.27.4&#8243; _module_preset=\u00bbdefault\u00bb locked=\u00bboff\u00bb global_colors_info=\u00bb{}\u00bb][et_pb_row column_structure=\u00bb1_3,1_3,1_3&#8243; _builder_version=\u00bb4.27.4&#8243; _module_preset=\u00bbdefault\u00bb global_colors_info=\u00bb{}\u00bb][et_pb_column type=\u00bb1_3&#8243; _builder_version=\u00bb4.27.4&#8243; _module_preset=\u00bbdefault\u00bb global_colors_info=\u00bb{}\u00bb][et_pb_image src=\u00bbhttps:\/\/amablealcoleaarquitecturatecnica.com\/wp-content\/uploads\/2025\/10\/AMABLE-ALCOLEA-Logo.png\u00bb title_text=\u00bbAMABLE ALCOLEA Logo\u00bb _builder_version=\u00bb4.27.4&#8243; _module_preset=\u00bbdefault\u00bb custom_padding=\u00bb12%|0%||0%|false|true\u00bb custom_padding_tablet=\u00bb|15%||15%|false|true\u00bb custom_padding_phone=\u00bb|0%||0%|false|true\u00bb custom_padding_last_edited=\u00bbon|tablet\u00bb global_colors_info=\u00bb{}\u00bb][\/et_pb_image][\/et_pb_column][et_pb_column type=\u00bb1_3&#8243; _builder_version=\u00bb4.27.4&#8243; _module_preset=\u00bbdefault\u00bb global_colors_info=\u00bb{}\u00bb][et_pb_blurb title=\u00bbTel\u00e9fono\u00bb use_icon=\u00bbon\u00bb font_icon=\u00bb&#xe090;||divi||400&#8243; icon_color=\u00bb#124093&#8243; icon_placement=\u00bbleft\u00bb image_icon_width=\u00bb25px\u00bb icon_placement_tablet=\u00bbtop\u00bb icon_placement_phone=\u00bbtop\u00bb icon_placement_last_edited=\u00bbon|phone\u00bb _builder_version=\u00bb4.27.4&#8243; _module_preset=\u00bbdefault\u00bb header_font=\u00bbPoppins||||||||\u00bb header_text_align=\u00bbleft\u00bb header_text_color=\u00bb#124093&#8243; header_font_size=\u00bb16px\u00bb body_font=\u00bbPoppins|300|||||||\u00bb body_text_align=\u00bbleft\u00bb body_text_color=\u00bb#000000&#8243; child_filter_saturate=\u00bb200%\u00bb child_filter_brightness=\u00bb200%\u00bb child_filter_contrast=\u00bb200%\u00bb header_text_align_tablet=\u00bbcenter\u00bb header_text_align_phone=\u00bbcenter\u00bb header_text_align_last_edited=\u00bbon|phone\u00bb header_font_size_tablet=\u00bb\u00bb header_font_size_phone=\u00bb16px\u00bb header_font_size_last_edited=\u00bbon|phone\u00bb body_text_align_tablet=\u00bbcenter\u00bb body_text_align_phone=\u00bbcenter\u00bb body_text_align_last_edited=\u00bbon|phone\u00bb global_colors_info=\u00bb{}\u00bb]<\/p>\n<p>+34 667 72 82 94<\/p>\n<p>[\/et_pb_blurb][et_pb_blurb title=\u00bbCorreo Electr\u00f3nico\u00bb use_icon=\u00bbon\u00bb font_icon=\u00bb&#xf0e0;||fa||900&#8243; icon_color=\u00bb#124093&#8243; icon_placement=\u00bbleft\u00bb image_icon_width=\u00bb25px\u00bb icon_placement_tablet=\u00bbtop\u00bb icon_placement_phone=\u00bbtop\u00bb icon_placement_last_edited=\u00bbon|phone\u00bb _builder_version=\u00bb4.27.4&#8243; _module_preset=\u00bbdefault\u00bb header_font=\u00bbPoppins||||||||\u00bb header_text_align=\u00bbleft\u00bb header_text_color=\u00bb#124093&#8243; header_font_size=\u00bb16px\u00bb body_font=\u00bbPoppins|300|||||||\u00bb body_text_align=\u00bbleft\u00bb body_text_color=\u00bb#000000&#8243; child_filter_saturate=\u00bb200%\u00bb child_filter_brightness=\u00bb200%\u00bb header_text_align_tablet=\u00bbcenter\u00bb header_text_align_phone=\u00bbcenter\u00bb header_text_align_last_edited=\u00bbon|phone\u00bb header_font_size_tablet=\u00bb\u00bb header_font_size_phone=\u00bb16px\u00bb header_font_size_last_edited=\u00bbon|phone\u00bb body_text_align_tablet=\u00bbcenter\u00bb body_text_align_phone=\u00bbcenter\u00bb body_text_align_last_edited=\u00bbon|phone\u00bb body_font_size_tablet=\u00bb\u00bb body_font_size_phone=\u00bb\u00bb body_font_size_last_edited=\u00bbon|phone\u00bb global_colors_info=\u00bb{}\u00bb]<\/p>\n<p>amalcolu@hotmail.com<\/p>\n<p>[\/et_pb_blurb][et_pb_blurb title=\u00bbUbicaci\u00f3n\u00bb use_icon=\u00bbon\u00bb font_icon=\u00bb&#xe01d;||divi||400&#8243; icon_color=\u00bb#124093&#8243; icon_placement=\u00bbleft\u00bb image_icon_width=\u00bb25px\u00bb icon_placement_tablet=\u00bbtop\u00bb icon_placement_phone=\u00bbtop\u00bb icon_placement_last_edited=\u00bbon|phone\u00bb _builder_version=\u00bb4.27.4&#8243; _module_preset=\u00bbdefault\u00bb header_font=\u00bbPoppins||||||||\u00bb header_text_align=\u00bbleft\u00bb header_text_color=\u00bb#124093&#8243; header_font_size=\u00bb16px\u00bb body_font=\u00bbPoppins|300|||||||\u00bb body_text_align=\u00bbleft\u00bb body_text_color=\u00bb#000000&#8243; child_filter_saturate=\u00bb200%\u00bb child_filter_brightness=\u00bb200%\u00bb child_filter_contrast=\u00bb200%\u00bb header_text_align_tablet=\u00bbcenter\u00bb header_text_align_phone=\u00bbcenter\u00bb header_text_align_last_edited=\u00bbon|phone\u00bb header_font_size_tablet=\u00bb\u00bb header_font_size_phone=\u00bb16px\u00bb header_font_size_last_edited=\u00bbon|phone\u00bb body_text_align_tablet=\u00bbcenter\u00bb body_text_align_phone=\u00bbcenter\u00bb body_text_align_last_edited=\u00bbon|phone\u00bb global_colors_info=\u00bb{}\u00bb]<\/p>\n<p>C\/ Las Flores 1. Local 16.<\/p>\n<p>30600 Archena, Murcia.<\/p>\n<p>[\/et_pb_blurb][\/et_pb_column][et_pb_column type=\u00bb1_3&#8243; _builder_version=\u00bb4.27.4&#8243; _module_preset=\u00bbdefault\u00bb global_colors_info=\u00bb{}\u00bb][et_pb_text _builder_version=\u00bb4.27.4&#8243; _module_preset=\u00bbdefault\u00bb text_font=\u00bbPoppins|600|||||||\u00bb text_text_color=\u00bb#124093&#8243; text_font_size=\u00bb16px\u00bb text_orientation=\u00bbcenter\u00bb custom_padding=\u00bb9%||||false|false\u00bb custom_padding_tablet=\u00bb6%||||false|false\u00bb custom_padding_phone=\u00bb6%||||false|false\u00bb custom_padding_last_edited=\u00bbon|tablet\u00bb border_color_top=\u00bb#124093&#8243; border_width_top_tablet=\u00bb2px\u00bb border_width_top_phone=\u00bb2px\u00bb border_width_top_last_edited=\u00bbon|tablet\u00bb global_colors_info=\u00bb{}\u00bb]<\/p>\n<p>P\u00c1GINAS LEGALES<\/p>\n<p>[\/et_pb_text][et_pb_text _builder_version=\u00bb4.27.4&#8243; _module_preset=\u00bbdefault\u00bb text_font=\u00bbPoppins|300|||||||\u00bb text_text_color=\u00bb#000000&#8243; text_font_size=\u00bb15px\u00bb text_orientation=\u00bbcenter\u00bb global_colors_info=\u00bb{}\u00bb]<\/p>\n<p><a href=\"https:\/\/amablealcoleaarquitecturatecnica.com\/politica-de-cookies\/\">Pol\u00edtica de Cookies<\/a><\/p>\n<p>[\/et_pb_text][et_pb_text _builder_version=\u00bb4.27.4&#8243; _module_preset=\u00bbdefault\u00bb text_font=\u00bbPoppins|300|||||||\u00bb text_text_color=\u00bb#000000&#8243; text_font_size=\u00bb15px\u00bb text_orientation=\u00bbcenter\u00bb global_colors_info=\u00bb{}\u00bb]<\/p>\n<p><a href=\"https:\/\/amablealcoleaarquitecturatecnica.com\/politica-de-privacidad\/\">Pol\u00edtica de Privacidad<\/a><\/p>\n<p>[\/et_pb_text][et_pb_text _builder_version=\u00bb4.27.4&#8243; _module_preset=\u00bbdefault\u00bb text_font=\u00bbPoppins|300|||||||\u00bb text_text_color=\u00bb#000000&#8243; text_font_size=\u00bb15px\u00bb text_orientation=\u00bbcenter\u00bb global_colors_info=\u00bb{}\u00bb]<\/p>\n<p><a href=\"https:\/\/amablealcoleaarquitecturatecnica.com\/aviso-legal\/\">Aviso Legal<\/a><\/p>\n<p>[\/et_pb_text][\/et_pb_column][\/et_pb_row][et_pb_row _builder_version=\u00bb4.27.4&#8243; _module_preset=\u00bbdefault\u00bb custom_padding=\u00bb2%||||false|false\u00bb global_colors_info=\u00bb{}\u00bb][et_pb_column type=\u00bb4_4&#8243; _builder_version=\u00bb4.27.4&#8243; _module_preset=\u00bbdefault\u00bb global_colors_info=\u00bb{}\u00bb][et_pb_image src=\u00bbhttps:\/\/amablealcoleaarquitecturatecnica.com\/wp-content\/uploads\/2025\/10\/CONBANDERA_KITDIGITAL-scaled.png\u00bb title_text=\u00bbCONBANDERA_KITDIGITAL\u00bb _builder_version=\u00bb4.27.4&#8243; _module_preset=\u00bbdefault\u00bb custom_padding=\u00bb|20%||20%|false|true\u00bb custom_padding_tablet=\u00bb|20%||20%|false|true\u00bb custom_padding_phone=\u00bb|4%||4%|false|true\u00bb custom_padding_last_edited=\u00bbon|phone\u00bb global_colors_info=\u00bb{}\u00bb][\/et_pb_image][\/et_pb_column][\/et_pb_row][\/et_pb_section][et_pb_section fb_built=\u00bb1&#8243; _builder_version=\u00bb4.27.4&#8243; _module_preset=\u00bbdefault\u00bb background_color=\u00bb#919191&#8243; locked=\u00bboff\u00bb global_colors_info=\u00bb{}\u00bb][et_pb_row _builder_version=\u00bb4.27.4&#8243; _module_preset=\u00bbdefault\u00bb custom_padding=\u00bb0px||0px||true|false\u00bb global_colors_info=\u00bb{}\u00bb][et_pb_column type=\u00bb4_4&#8243; _builder_version=\u00bb4.27.4&#8243; _module_preset=\u00bbdefault\u00bb global_colors_info=\u00bb{}\u00bb][et_pb_text _builder_version=\u00bb4.27.4&#8243; _module_preset=\u00bbdefault\u00bb text_font=\u00bbPoppins|300|||||||\u00bb text_text_color=\u00bb#000000&#8243; text_font_size=\u00bb13px\u00bb text_orientation=\u00bbcenter\u00bb hover_enabled=\u00bb0&#8243; text_font_size_tablet=\u00bb13px\u00bb text_font_size_phone=\u00bb12px\u00bb text_font_size_last_edited=\u00bbon|phone\u00bb global_colors_info=\u00bb{}\u00bb sticky_enabled=\u00bb0&#8243;]<\/p>\n<p><span>\u00a9 Amable Alcolea Luna Aquitectura T\u00e9cnica. Dise\u00f1o web realizado por <\/span><a href=\"https:\/\/www.komunicacreative.com\/\">Komunica Creative<\/a><\/p>\n<p>[\/et_pb_text][\/et_pb_column][\/et_pb_row][\/et_pb_section]<\/p>\n","protected":false},"excerpt":{"rendered":"<p>Con\u00f3cenosEstudio de Arquitectura Amable Alcolea LunaEn el Estudio de Arquitectura Amable Alcolea Luna llevamos m\u00e1s de 30 a\u00f1os de experiencia en el sector de la arquitectura t\u00e9cnica, ofreciendo soluciones adaptadas a cada proyecto con rigor, innovaci\u00f3n y compromiso. Nuestra especialidad es la arquitectura t\u00e9cnica, lo que nos permite garantizar la correcta ejecuci\u00f3n de obras, coordinar [&hellip;]<\/p>\n","protected":false},"author":1,"featured_media":0,"parent":0,"menu_order":0,"comment_status":"closed","ping_status":"closed","template":"","meta":{"_et_pb_use_builder":"on","_et_pb_old_content":"","_et_gb_content_width":"","footnotes":""},"class_list":["post-47","page","type-page","status-publish","hentry"],"yoast_head":"<!-- This site is optimized with the Yoast SEO plugin v27.3 - https:\/\/yoast.com\/product\/yoast-seo-wordpress\/ -->\n<title>Con\u00f3cenos - AMABLE ALCOLEA ARQUITECTURA<\/title>\n<meta name=\"robots\" content=\"index, follow, max-snippet:-1, max-image-preview:large, max-video-preview:-1\" \/>\n<link rel=\"canonical\" href=\"https:\/\/amablealcoleaarquitecturatecnica.com\/conocenos\/\" \/>\n<meta property=\"og:locale\" content=\"es_ES\" \/>\n<meta property=\"og:type\" content=\"article\" \/>\n<meta property=\"og:title\" content=\"Con\u00f3cenos - AMABLE ALCOLEA ARQUITECTURA\" \/>\n<meta property=\"og:description\" content=\"Con\u00f3cenosEstudio de Arquitectura Amable Alcolea LunaEn el Estudio de Arquitectura Amable Alcolea Luna llevamos m\u00e1s de 30 a\u00f1os de experiencia en el sector de la arquitectura t\u00e9cnica, ofreciendo soluciones adaptadas a cada proyecto con rigor, innovaci\u00f3n y compromiso. Nuestra especialidad es la arquitectura t\u00e9cnica, lo que nos permite garantizar la correcta ejecuci\u00f3n de obras, coordinar [&hellip;]\" \/>\n<meta property=\"og:url\" content=\"https:\/\/amablealcoleaarquitecturatecnica.com\/conocenos\/\" \/>\n<meta property=\"og:site_name\" content=\"AMABLE ALCOLEA ARQUITECTURA\" \/>\n<meta property=\"article:modified_time\" content=\"2026-04-06T16:47:23+00:00\" \/>\n<meta name=\"twitter:card\" content=\"summary_large_image\" \/>\n<meta name=\"twitter:label1\" content=\"Tiempo de lectura\" \/>\n\t<meta name=\"twitter:data1\" content=\"9 minutos\" \/>\n<script type=\"application\/ld+json\" class=\"yoast-schema-graph\">{\"@context\":\"https:\\\/\\\/schema.org\",\"@graph\":[{\"@type\":\"WebPage\",\"@id\":\"https:\\\/\\\/amablealcoleaarquitecturatecnica.com\\\/conocenos\\\/\",\"url\":\"https:\\\/\\\/amablealcoleaarquitecturatecnica.com\\\/conocenos\\\/\",\"name\":\"Con\u00f3cenos - AMABLE ALCOLEA ARQUITECTURA\",\"isPartOf\":{\"@id\":\"https:\\\/\\\/amablealcoleaarquitecturatecnica.com\\\/#website\"},\"datePublished\":\"2025-10-06T10:41:16+00:00\",\"dateModified\":\"2026-04-06T16:47:23+00:00\",\"breadcrumb\":{\"@id\":\"https:\\\/\\\/amablealcoleaarquitecturatecnica.com\\\/conocenos\\\/#breadcrumb\"},\"inLanguage\":\"es\",\"potentialAction\":[{\"@type\":\"ReadAction\",\"target\":[\"https:\\\/\\\/amablealcoleaarquitecturatecnica.com\\\/conocenos\\\/\"]}]},{\"@type\":\"BreadcrumbList\",\"@id\":\"https:\\\/\\\/amablealcoleaarquitecturatecnica.com\\\/conocenos\\\/#breadcrumb\",\"itemListElement\":[{\"@type\":\"ListItem\",\"position\":1,\"name\":\"Portada\",\"item\":\"https:\\\/\\\/amablealcoleaarquitecturatecnica.com\\\/\"},{\"@type\":\"ListItem\",\"position\":2,\"name\":\"Con\u00f3cenos\"}]},{\"@type\":\"WebSite\",\"@id\":\"https:\\\/\\\/amablealcoleaarquitecturatecnica.com\\\/#website\",\"url\":\"https:\\\/\\\/amablealcoleaarquitecturatecnica.com\\\/\",\"name\":\"AMABLE ALCOLEA ARQUITECTURA\",\"description\":\"Estudio de arquitectura\",\"publisher\":{\"@id\":\"https:\\\/\\\/amablealcoleaarquitecturatecnica.com\\\/#organization\"},\"potentialAction\":[{\"@type\":\"SearchAction\",\"target\":{\"@type\":\"EntryPoint\",\"urlTemplate\":\"https:\\\/\\\/amablealcoleaarquitecturatecnica.com\\\/?s={search_term_string}\"},\"query-input\":{\"@type\":\"PropertyValueSpecification\",\"valueRequired\":true,\"valueName\":\"search_term_string\"}}],\"inLanguage\":\"es\"},{\"@type\":\"Organization\",\"@id\":\"https:\\\/\\\/amablealcoleaarquitecturatecnica.com\\\/#organization\",\"name\":\"AMABLE ALCOLEA ARQUITECTURA\",\"url\":\"https:\\\/\\\/amablealcoleaarquitecturatecnica.com\\\/\",\"logo\":{\"@type\":\"ImageObject\",\"inLanguage\":\"es\",\"@id\":\"https:\\\/\\\/amablealcoleaarquitecturatecnica.com\\\/#\\\/schema\\\/logo\\\/image\\\/\",\"url\":\"https:\\\/\\\/amablealcoleaarquitecturatecnica.com\\\/wp-content\\\/uploads\\\/2025\\\/10\\\/AMABLE-ALCOLEA-Logo.png\",\"contentUrl\":\"https:\\\/\\\/amablealcoleaarquitecturatecnica.com\\\/wp-content\\\/uploads\\\/2025\\\/10\\\/AMABLE-ALCOLEA-Logo.png\",\"width\":2050,\"height\":568,\"caption\":\"AMABLE ALCOLEA ARQUITECTURA\"},\"image\":{\"@id\":\"https:\\\/\\\/amablealcoleaarquitecturatecnica.com\\\/#\\\/schema\\\/logo\\\/image\\\/\"}}]}<\/script>\n<!-- \/ Yoast SEO plugin. -->","yoast_head_json":{"title":"Con\u00f3cenos - AMABLE ALCOLEA ARQUITECTURA","robots":{"index":"index","follow":"follow","max-snippet":"max-snippet:-1","max-image-preview":"max-image-preview:large","max-video-preview":"max-video-preview:-1"},"canonical":"https:\/\/amablealcoleaarquitecturatecnica.com\/conocenos\/","og_locale":"es_ES","og_type":"article","og_title":"Con\u00f3cenos - AMABLE ALCOLEA ARQUITECTURA","og_description":"Con\u00f3cenosEstudio de Arquitectura Amable Alcolea LunaEn el Estudio de Arquitectura Amable Alcolea Luna llevamos m\u00e1s de 30 a\u00f1os de experiencia en el sector de la arquitectura t\u00e9cnica, ofreciendo soluciones adaptadas a cada proyecto con rigor, innovaci\u00f3n y compromiso. Nuestra especialidad es la arquitectura t\u00e9cnica, lo que nos permite garantizar la correcta ejecuci\u00f3n de obras, coordinar [&hellip;]","og_url":"https:\/\/amablealcoleaarquitecturatecnica.com\/conocenos\/","og_site_name":"AMABLE ALCOLEA ARQUITECTURA","article_modified_time":"2026-04-06T16:47:23+00:00","twitter_card":"summary_large_image","twitter_misc":{"Tiempo de lectura":"9 minutos"},"schema":{"@context":"https:\/\/schema.org","@graph":[{"@type":"WebPage","@id":"https:\/\/amablealcoleaarquitecturatecnica.com\/conocenos\/","url":"https:\/\/amablealcoleaarquitecturatecnica.com\/conocenos\/","name":"Con\u00f3cenos - AMABLE ALCOLEA ARQUITECTURA","isPartOf":{"@id":"https:\/\/amablealcoleaarquitecturatecnica.com\/#website"},"datePublished":"2025-10-06T10:41:16+00:00","dateModified":"2026-04-06T16:47:23+00:00","breadcrumb":{"@id":"https:\/\/amablealcoleaarquitecturatecnica.com\/conocenos\/#breadcrumb"},"inLanguage":"es","potentialAction":[{"@type":"ReadAction","target":["https:\/\/amablealcoleaarquitecturatecnica.com\/conocenos\/"]}]},{"@type":"BreadcrumbList","@id":"https:\/\/amablealcoleaarquitecturatecnica.com\/conocenos\/#breadcrumb","itemListElement":[{"@type":"ListItem","position":1,"name":"Portada","item":"https:\/\/amablealcoleaarquitecturatecnica.com\/"},{"@type":"ListItem","position":2,"name":"Con\u00f3cenos"}]},{"@type":"WebSite","@id":"https:\/\/amablealcoleaarquitecturatecnica.com\/#website","url":"https:\/\/amablealcoleaarquitecturatecnica.com\/","name":"AMABLE ALCOLEA ARQUITECTURA","description":"Estudio de arquitectura","publisher":{"@id":"https:\/\/amablealcoleaarquitecturatecnica.com\/#organization"},"potentialAction":[{"@type":"SearchAction","target":{"@type":"EntryPoint","urlTemplate":"https:\/\/amablealcoleaarquitecturatecnica.com\/?s={search_term_string}"},"query-input":{"@type":"PropertyValueSpecification","valueRequired":true,"valueName":"search_term_string"}}],"inLanguage":"es"},{"@type":"Organization","@id":"https:\/\/amablealcoleaarquitecturatecnica.com\/#organization","name":"AMABLE ALCOLEA ARQUITECTURA","url":"https:\/\/amablealcoleaarquitecturatecnica.com\/","logo":{"@type":"ImageObject","inLanguage":"es","@id":"https:\/\/amablealcoleaarquitecturatecnica.com\/#\/schema\/logo\/image\/","url":"https:\/\/amablealcoleaarquitecturatecnica.com\/wp-content\/uploads\/2025\/10\/AMABLE-ALCOLEA-Logo.png","contentUrl":"https:\/\/amablealcoleaarquitecturatecnica.com\/wp-content\/uploads\/2025\/10\/AMABLE-ALCOLEA-Logo.png","width":2050,"height":568,"caption":"AMABLE ALCOLEA ARQUITECTURA"},"image":{"@id":"https:\/\/amablealcoleaarquitecturatecnica.com\/#\/schema\/logo\/image\/"}}]}},"_links":{"self":[{"href":"https:\/\/amablealcoleaarquitecturatecnica.com\/index.php?rest_route=\/wp\/v2\/pages\/47","targetHints":{"allow":["GET"]}}],"collection":[{"href":"https:\/\/amablealcoleaarquitecturatecnica.com\/index.php?rest_route=\/wp\/v2\/pages"}],"about":[{"href":"https:\/\/amablealcoleaarquitecturatecnica.com\/index.php?rest_route=\/wp\/v2\/types\/page"}],"author":[{"embeddable":true,"href":"https:\/\/amablealcoleaarquitecturatecnica.com\/index.php?rest_route=\/wp\/v2\/users\/1"}],"replies":[{"embeddable":true,"href":"https:\/\/amablealcoleaarquitecturatecnica.com\/index.php?rest_route=%2Fwp%2Fv2%2Fcomments&post=47"}],"version-history":[{"count":9,"href":"https:\/\/amablealcoleaarquitecturatecnica.com\/index.php?rest_route=\/wp\/v2\/pages\/47\/revisions"}],"predecessor-version":[{"id":144,"href":"https:\/\/amablealcoleaarquitecturatecnica.com\/index.php?rest_route=\/wp\/v2\/pages\/47\/revisions\/144"}],"wp:attachment":[{"href":"https:\/\/amablealcoleaarquitecturatecnica.com\/index.php?rest_route=%2Fwp%2Fv2%2Fmedia&parent=47"}],"curies":[{"name":"wp","href":"https:\/\/api.w.org\/{rel}","templated":true}]}}